{"id":105,"date":"2022-12-08T10:09:07","date_gmt":"2022-12-08T07:09:07","guid":{"rendered":"https:\/\/emnlp2016.net\/es\/?page_id=105"},"modified":"2022-12-08T10:11:08","modified_gmt":"2022-12-08T07:11:08","slug":"sitemap","status":"publish","type":"page","link":"https:\/\/emnlp2016.net\/es\/sitemap\/","title":{"rendered":"Sitemap"},"content":{"rendered":"\t\t<div data-elementor-type=\"wp-page\" data-elementor-id=\"105\" class=\"elementor elementor-105\" data-elementor-post-type=\"page\">\n\t\t\t\t\t\t<section class=\"elementor-section elementor-top-section elementor-element elementor-element-7aba199 elementor-section-boxed elementor-section-height-default elementor-section-height-default\" data-id=\"7aba199\" data-element_type=\"section\" data-e-type=\"section\">\n\t\t\t\t\t\t<div class=\"elementor-container elementor-column-gap-default\">\n\t\t\t\t\t<div class=\"elementor-column elementor-col-100 elementor-top-column elementor-element elementor-element-8a41741\" data-id=\"8a41741\" data-element_type=\"column\" data-e-type=\"column\">\n\t\t\t<div class=\"elementor-widget-wrap elementor-element-populated\">\n\t\t\t\t\t\t<div class=\"elementor-element elementor-element-17167ed elementor-widget elementor-widget-sitemap\" data-id=\"17167ed\" data-element_type=\"widget\" data-e-type=\"widget\" data-widget_type=\"sitemap.default\">\n\t\t\t\t<div class=\"elementor-widget-container\">\n\t\t\t\t\t<div class=\"elementor-sitemap-wrap\"><div class=\"elementor-sitemap-section\"><h2 class=\"elementor-sitemap-title elementor-sitemap-post-title\">Art\u00edculos<\/h2><ul class=\"elementor-sitemap-list elementor-sitemap-post-list\"><li class=\"elementor-sitemap-item elementor-sitemap-item-post page_item page-item-155\"><a href=\"https:\/\/emnlp2016.net\/es\/espiar-whatsapp\/\">9 MEJORES Aplicaciones para Espiar WhatsApp para Android y iPhone<\/a><\/li><li class=\"elementor-sitemap-item elementor-sitemap-item-post page_item page-item-140\"><a href=\"https:\/\/emnlp2016.net\/es\/6-mejores-aplicaciones-de-rastreo-de-moviles-de-google-maps\/\">6 Mejores Aplicaciones de Rastreo de M\u00f3viles de Google Maps<\/a><\/li><li class=\"elementor-sitemap-item elementor-sitemap-item-post page_item page-item-110\"><a href=\"https:\/\/emnlp2016.net\/es\/como-rastrear-la-ubicacion-de-alguien-por-su-numero-de-movil\/\">C\u00f3mo Rastrear la Ubicaci\u00f3n de Alguien por su N\u00famero de M\u00f3vil<\/a><\/li><li class=\"elementor-sitemap-item elementor-sitemap-item-post page_item page-item-94\"><a href=\"https:\/\/emnlp2016.net\/es\/mspy\/\">Revisi\u00f3n de mSpy<\/a><\/li><li class=\"elementor-sitemap-item elementor-sitemap-item-post page_item page-item-73\"><a href=\"https:\/\/emnlp2016.net\/es\/eyezy\/\">Revisi\u00f3n de eyeZy<\/a><\/li><li class=\"elementor-sitemap-item elementor-sitemap-item-post page_item page-item-59\"><a href=\"https:\/\/emnlp2016.net\/es\/flexispy\/\">Revisi\u00f3n de FlexiSpy<\/a><\/li><li class=\"elementor-sitemap-item elementor-sitemap-item-post page_item page-item-49\"><a href=\"https:\/\/emnlp2016.net\/es\/hoverwatch\/\">Revisi\u00f3n de Hoverwatch<\/a><\/li><li class=\"elementor-sitemap-item elementor-sitemap-item-post page_item page-item-12\"><a href=\"https:\/\/emnlp2016.net\/es\/rastreo-de-moviles\/\">13 Mejor Aplicaci\u00f3n de Rastreo de M\u00f3viles sin Permiso en 2023 (GRATIS y Premium)<\/a><\/li><li class=\"elementor-sitemap-item elementor-sitemap-item-post page_item page-item-37\"><a href=\"https:\/\/emnlp2016.net\/es\/revision-de-umobix\/\">Revisi\u00f3n de uMobix<\/a><\/li><li class=\"elementor-sitemap-item elementor-sitemap-item-post page_item page-item-188\"><a href=\"https:\/\/emnlp2016.net\/es\/hackear-instagram\/\">10 MEJORES Apps para Hackear Instagram (iPhone y Android)<\/a><\/li><li class=\"elementor-sitemap-item elementor-sitemap-item-post page_item page-item-168\"><a href=\"https:\/\/emnlp2016.net\/es\/hackear-whatsapp\/\">11 Mejores Aplicaciones para Hackear WhatsApp en 2023<\/a><\/li><\/ul><\/div><div class=\"elementor-sitemap-section\"><h2 class=\"elementor-sitemap-title elementor-sitemap-category-title\">Categor\u00edas<\/h2><ul class=\"elementor-sitemap-list elementor-sitemap-category-list\">\t<li class=\"elementor-sitemap-item elementor-sitemap-item-category cat-item cat-item-4\"><a href=\"https:\/\/emnlp2016.net\/es\/category\/como\/\">C\u00f3mo<\/a>\n<\/li>\n\t<li class=\"elementor-sitemap-item elementor-sitemap-item-category cat-item cat-item-2\"><a href=\"https:\/\/emnlp2016.net\/es\/category\/aplicacion\/\">Aplicaci\u00f3n<\/a>\n<\/li>\n<\/ul><\/div><div class=\"elementor-sitemap-section\"><h2 class=\"elementor-sitemap-title elementor-sitemap-page-title\">P\u00e1ginas<\/h2><ul class=\"elementor-sitemap-list elementor-sitemap-page-list\"><li class=\"elementor-sitemap-item elementor-sitemap-item-page page_item page-item-105\"><a href=\"https:\/\/emnlp2016.net\/es\/sitemap\/\">Sitemap<\/a><\/li><li class=\"elementor-sitemap-item elementor-sitemap-item-page page_item page-item-35\"><a href=\"https:\/\/emnlp2016.net\/es\/politica-de-privacidad\/\">Pol\u00edtica de Privacidad<\/a><\/li><\/ul><\/div><\/div>\t\t\t\t<\/div>\n\t\t\t\t<\/div>\n\t\t\t\t\t<\/div>\n\t\t<\/div>\n\t\t\t\t\t<\/div>\n\t\t<\/section>\n\t\t\t\t<\/div>\n\t\t","protected":false},"excerpt":{"rendered":"","protected":false},"author":1,"featured_media":0,"parent":0,"menu_order":0,"comment_status":"closed","ping_status":"closed","template":"","meta":{"_lmt_disableupdate":"","_lmt_disable":"","footnotes":""},"class_list":["post-105","page","type-page","status-publish","hentry"],"yoast_head":"<!-- This site is optimized with the Yoast SEO plugin v27.0 - https:\/\/yoast.com\/product\/yoast-seo-wordpress\/ -->\n<title>Sitemap - EMNLP2016 ES<\/title>\n<meta name=\"robots\" content=\"index, follow, max-snippet:-1, max-image-preview:large, max-video-preview:-1\" \/>\n<link rel=\"canonical\" href=\"https:\/\/emnlp2016.net\/es\/sitemap\/\" \/>\n<meta property=\"og:locale\" content=\"es_ES\" \/>\n<meta property=\"og:type\" content=\"article\" \/>\n<meta property=\"og:title\" content=\"Sitemap - EMNLP2016 ES\" \/>\n<meta property=\"og:url\" content=\"https:\/\/emnlp2016.net\/es\/sitemap\/\" \/>\n<meta property=\"og:site_name\" content=\"EMNLP2016 ES\" \/>\n<meta property=\"article:modified_time\" content=\"2022-12-08T07:11:08+00:00\" \/>\n<meta name=\"twitter:card\" content=\"summary_large_image\" \/>\n<meta name=\"twitter:label1\" content=\"Tiempo de lectura\" \/>\n\t<meta name=\"twitter:data1\" content=\"1 minuto\" \/>\n<script type=\"application\/ld+json\" class=\"yoast-schema-graph\">{\"@context\":\"https:\/\/schema.org\",\"@graph\":[{\"@type\":\"WebPage\",\"@id\":\"https:\/\/emnlp2016.net\/es\/sitemap\/\",\"url\":\"https:\/\/emnlp2016.net\/es\/sitemap\/\",\"name\":\"Sitemap - EMNLP2016 ES\",\"isPartOf\":{\"@id\":\"https:\/\/emnlp2016.net\/es\/#website\"},\"datePublished\":\"2022-12-08T07:09:07+00:00\",\"dateModified\":\"2022-12-08T07:11:08+00:00\",\"breadcrumb\":{\"@id\":\"https:\/\/emnlp2016.net\/es\/sitemap\/#breadcrumb\"},\"inLanguage\":\"es\",\"potentialAction\":[{\"@type\":\"ReadAction\",\"target\":[\"https:\/\/emnlp2016.net\/es\/sitemap\/\"]}]},{\"@type\":\"BreadcrumbList\",\"@id\":\"https:\/\/emnlp2016.net\/es\/sitemap\/#breadcrumb\",\"itemListElement\":[{\"@type\":\"ListItem\",\"position\":1,\"name\":\"Anasayfa\",\"item\":\"https:\/\/emnlp2016.net\/es\/\"},{\"@type\":\"ListItem\",\"position\":2,\"name\":\"Sitemap\"}]},{\"@type\":\"WebSite\",\"@id\":\"https:\/\/emnlp2016.net\/es\/#website\",\"url\":\"https:\/\/emnlp2016.net\/es\/\",\"name\":\"EMNLP2016 ES\",\"description\":\"Rastrear Un Celular\",\"potentialAction\":[{\"@type\":\"SearchAction\",\"target\":{\"@type\":\"EntryPoint\",\"urlTemplate\":\"https:\/\/emnlp2016.net\/es\/?s={search_term_string}\"},\"query-input\":{\"@type\":\"PropertyValueSpecification\",\"valueRequired\":true,\"valueName\":\"search_term_string\"}}],\"inLanguage\":\"es\"}]}<\/script>\n<!-- \/ Yoast SEO plugin. -->","yoast_head_json":{"title":"Sitemap - EMNLP2016 ES","robots":{"index":"index","follow":"follow","max-snippet":"max-snippet:-1","max-image-preview":"max-image-preview:large","max-video-preview":"max-video-preview:-1"},"canonical":"https:\/\/emnlp2016.net\/es\/sitemap\/","og_locale":"es_ES","og_type":"article","og_title":"Sitemap - EMNLP2016 ES","og_url":"https:\/\/emnlp2016.net\/es\/sitemap\/","og_site_name":"EMNLP2016 ES","article_modified_time":"2022-12-08T07:11:08+00:00","twitter_card":"summary_large_image","twitter_misc":{"Tiempo de lectura":"1 minuto"},"schema":{"@context":"https:\/\/schema.org","@graph":[{"@type":"WebPage","@id":"https:\/\/emnlp2016.net\/es\/sitemap\/","url":"https:\/\/emnlp2016.net\/es\/sitemap\/","name":"Sitemap - EMNLP2016 ES","isPartOf":{"@id":"https:\/\/emnlp2016.net\/es\/#website"},"datePublished":"2022-12-08T07:09:07+00:00","dateModified":"2022-12-08T07:11:08+00:00","breadcrumb":{"@id":"https:\/\/emnlp2016.net\/es\/sitemap\/#breadcrumb"},"inLanguage":"es","potentialAction":[{"@type":"ReadAction","target":["https:\/\/emnlp2016.net\/es\/sitemap\/"]}]},{"@type":"BreadcrumbList","@id":"https:\/\/emnlp2016.net\/es\/sitemap\/#breadcrumb","itemListElement":[{"@type":"ListItem","position":1,"name":"Anasayfa","item":"https:\/\/emnlp2016.net\/es\/"},{"@type":"ListItem","position":2,"name":"Sitemap"}]},{"@type":"WebSite","@id":"https:\/\/emnlp2016.net\/es\/#website","url":"https:\/\/emnlp2016.net\/es\/","name":"EMNLP2016 ES","description":"Rastrear Un Celular","potentialAction":[{"@type":"SearchAction","target":{"@type":"EntryPoint","urlTemplate":"https:\/\/emnlp2016.net\/es\/?s={search_term_string}"},"query-input":{"@type":"PropertyValueSpecification","valueRequired":true,"valueName":"search_term_string"}}],"inLanguage":"es"}]}},"_links":{"self":[{"href":"https:\/\/emnlp2016.net\/es\/wp-json\/wp\/v2\/pages\/105","targetHints":{"allow":["GET"]}}],"collection":[{"href":"https:\/\/emnlp2016.net\/es\/wp-json\/wp\/v2\/pages"}],"about":[{"href":"https:\/\/emnlp2016.net\/es\/wp-json\/wp\/v2\/types\/page"}],"author":[{"embeddable":true,"href":"https:\/\/emnlp2016.net\/es\/wp-json\/wp\/v2\/users\/1"}],"replies":[{"embeddable":true,"href":"https:\/\/emnlp2016.net\/es\/wp-json\/wp\/v2\/comments?post=105"}],"version-history":[{"count":4,"href":"https:\/\/emnlp2016.net\/es\/wp-json\/wp\/v2\/pages\/105\/revisions"}],"predecessor-version":[{"id":109,"href":"https:\/\/emnlp2016.net\/es\/wp-json\/wp\/v2\/pages\/105\/revisions\/109"}],"wp:attachment":[{"href":"https:\/\/emnlp2016.net\/es\/wp-json\/wp\/v2\/media?parent=105"}],"curies":[{"name":"wp","href":"https:\/\/api.w.org\/{rel}","templated":true}]}}