{"id":35,"date":"2022-12-02T17:35:21","date_gmt":"2022-12-02T14:35:21","guid":{"rendered":"https:\/\/emnlp2016.net\/es\/?page_id=35"},"modified":"2022-12-02T17:35:21","modified_gmt":"2022-12-02T14:35:21","slug":"politica-de-privacidad","status":"publish","type":"page","link":"https:\/\/emnlp2016.net\/es\/politica-de-privacidad\/","title":{"rendered":"Pol\u00edtica de Privacidad"},"content":{"rendered":"\n<p>En <a href=\"https:\/\/emnlp2016.net\/es\/\">www.emnlp2016.net<\/a>, su privacidad es importante para nosotros. Para proteger mejor su privacidad, proporcionamos este aviso explicando nuestras pr\u00e1cticas de informaci\u00f3n en l\u00ednea y las opciones que usted puede hacer sobre la forma en que se recoge y utiliza su informaci\u00f3n. Para que este aviso sea f\u00e1cil de encontrar, lo ponemos a disposici\u00f3n en nuestra p\u00e1gina de inicio y en cada punto en el que se pueda solicitar informaci\u00f3n personal identificable.<\/p>\n\n\n\n<p><strong>INFORMACI\u00d3N QUE RECOPILAMOS<\/strong><\/p>\n\n\n\n<p>Esta declaraci\u00f3n se aplica a toda la informaci\u00f3n recogida o enviada en emnlp2016.net. En algunas p\u00e1ginas puede publicar comentarios, hacer peticiones y registrarse para recibir material. Tipos de informaci\u00f3n personal recogida en estas p\u00e1ginas:<\/p>\n\n\n\n<ul class=\"wp-block-list\">\n<li>Nombre<\/li>\n\n\n\n<li>Direcci\u00f3n de correo electr\u00f3nico<\/li>\n\n\n\n<li>Direcci\u00f3n IP<\/li>\n<\/ul>\n\n\n\n<p>En algunas p\u00e1ginas puedes enviar informaci\u00f3n sobre otras personas. Por ejemplo, si quiere enviar informaci\u00f3n sobre una p\u00e1gina o una entrada de nuestro sitio web directamente a otro destinatario, debe enviar el nombre y la direcci\u00f3n de correo electr\u00f3nico del destinatario. En este caso, los tipos de informaci\u00f3n personal utilizados (pero no almacenados) son los siguientes<\/p>\n\n\n\n<ul class=\"wp-block-list\">\n<li>Nombre Direcci\u00f3n de correo electr\u00f3nico<\/li>\n<\/ul>\n\n\n\n<p><strong>C\u00f3mo utilizamos su informaci\u00f3n<\/strong><\/p>\n\n\n\n<p>A menos que lo exija la ley, no compartiremos ninguna informaci\u00f3n que nos proporcione con terceros. Si esta pol\u00edtica cambia, se le notificar\u00e1 por correo electr\u00f3nico y se colocar\u00e1 un mensaje en nuestro sitio web informando a todos los usuarios de un cambio en la pol\u00edtica.<\/p>\n\n\n\n<p>Utilizamos direcciones de correo electr\u00f3nico de rebote para responder al correo electr\u00f3nico que recibimos. Estas direcciones no se utilizan para ning\u00fan otro fin y no se comparten con terceros.<\/p>\n\n\n\n<p>Si desea recibir informaci\u00f3n y actualizaciones sobre nuestros nuevos productos y servicios, puede registrarse en nuestro sitio web. La informaci\u00f3n que proporcione en nuestro sitio web no se utilizar\u00e1 con este fin a menos que complete el formulario de registro.<\/p>\n\n\n\n<p>Utilizamos informaci\u00f3n no identificable y agregada para dise\u00f1ar mejor nuestro sitio web y compartirla con los anunciantes. Por ejemplo, podemos decirle a un anunciante que X n\u00famero de personas visitaron una zona concreta de nuestro sitio web, o que Y n\u00famero de visitantes estadounidenses y Z n\u00famero de visitantes europeos completaron nuestro formulario de registro, pero no revelaremos nada que pueda utilizarse para identificar a esas personas.<\/p>\n\n\n\n<p>Por \u00faltimo, nunca utilizaremos ni compartiremos la informaci\u00f3n de identificaci\u00f3n personal que se nos proporcione en l\u00ednea de forma no relacionada con lo anterior sin ofrecerle la oportunidad de excluirse o prohibir de otro modo dichos usos no relacionados.<\/p>\n\n\n\n<p><strong>Nuestro compromiso con la seguridad de los datos<\/strong><\/p>\n\n\n\n<p>Hemos establecido procedimientos f\u00edsicos, electr\u00f3nicos y de gesti\u00f3n adecuados para salvaguardar y asegurar la informaci\u00f3n que recopilamos en l\u00ednea para evitar el acceso no autorizado, mantener la exactitud de los datos y garantizar el uso correcto de la informaci\u00f3n.<\/p>\n\n\n\n<p>Nuestro compromiso con la privacidad de los ni\u00f1os:<\/p>\n\n\n\n<p><strong>Proteger la privacidad de los j\u00f3venes es especialmente importante.<\/strong><\/p>\n\n\n\n<p>Por esta raz\u00f3n, nunca recogemos ni almacenamos informaci\u00f3n en nuestro sitio web de nadie que sepamos que es menor de 13 a\u00f1os, y ninguna parte de nuestro sitio web est\u00e1 estructurada para atraer a nadie menor de 13 a\u00f1os.<\/p>\n\n\n\n<p><strong>C\u00f3mo acceder o corregir su informaci\u00f3n<\/strong><\/p>\n\n\n\n<p>Puede acceder a toda su informaci\u00f3n personal identificable que recogemos y almacenamos en l\u00ednea poni\u00e9ndose en contacto con nosotros. Utilizamos este procedimiento para proteger mejor su informaci\u00f3n.<\/p>\n\n\n\n<p>Usted puede corregir los errores de hecho en su informaci\u00f3n personal identificable envi\u00e1ndonos una solicitud que indique de forma fehaciente el error. Para proteger su privacidad y seguridad, tomaremos medidas razonables para verificar su identidad antes de concederle acceso o hacer correcciones.<\/p>\n\n\n\n<p><strong>C\u00f3mo contactar con nosotros<\/strong><\/p>\n\n\n\n<p>Si necesita ponerse en contacto con nosotros en relaci\u00f3n con esta pol\u00edtica de privacidad o tiene cualquier otra pregunta, no dude en ponerse en contacto con nosotros en <strong>admin@emnlp2016.net<\/strong>.<\/p>\n","protected":false},"excerpt":{"rendered":"<p>En www.emnlp2016.net, su privacidad es importante para nosotros. Para proteger mejor su privacidad, proporcionamos este aviso explicando nuestras pr\u00e1cticas de informaci\u00f3n en l\u00ednea y las opciones que usted puede hacer sobre la forma en que se recoge y utiliza su informaci\u00f3n. Para que este aviso sea f\u00e1cil de encontrar, lo ponemos a disposici\u00f3n en nuestra p\u00e1gina de inicio y en cada punto en el que se pueda solicitar informaci\u00f3n personal identificable. INFORMACI\u00d3N QUE RECOPILAMOS Esta declaraci\u00f3n se aplica a toda la informaci\u00f3n recogida o enviada en emnlp2016.net. En algunas p\u00e1ginas puede publicar comentarios, hacer peticiones y registrarse para recibir material. <\/p>\n","protected":false},"author":1,"featured_media":0,"parent":0,"menu_order":0,"comment_status":"closed","ping_status":"closed","template":"","meta":{"_lmt_disableupdate":"","_lmt_disable":"","footnotes":""},"class_list":["post-35","page","type-page","status-publish","hentry"],"yoast_head":"<!-- This site is optimized with the Yoast SEO plugin v27.0 - https:\/\/yoast.com\/product\/yoast-seo-wordpress\/ -->\n<title>Pol\u00edtica de Privacidad - EMNLP2016 ES<\/title>\n<meta name=\"robots\" content=\"index, follow, max-snippet:-1, max-image-preview:large, max-video-preview:-1\" \/>\n<link rel=\"canonical\" href=\"https:\/\/emnlp2016.net\/es\/politica-de-privacidad\/\" \/>\n<meta property=\"og:locale\" content=\"es_ES\" \/>\n<meta property=\"og:type\" content=\"article\" \/>\n<meta property=\"og:title\" content=\"Pol\u00edtica de Privacidad - EMNLP2016 ES\" \/>\n<meta property=\"og:description\" content=\"En www.emnlp2016.net, su privacidad es importante para nosotros. Para proteger mejor su privacidad, proporcionamos este aviso explicando nuestras pr\u00e1cticas de informaci\u00f3n en l\u00ednea y las opciones que usted puede hacer sobre la forma en que se recoge y utiliza su informaci\u00f3n. Para que este aviso sea f\u00e1cil de encontrar, lo ponemos a disposici\u00f3n en nuestra p\u00e1gina de inicio y en cada punto en el que se pueda solicitar informaci\u00f3n personal identificable. INFORMACI\u00d3N QUE RECOPILAMOS Esta declaraci\u00f3n se aplica a toda la informaci\u00f3n recogida o enviada en emnlp2016.net. En algunas p\u00e1ginas puede publicar comentarios, hacer peticiones y registrarse para recibir material.\" \/>\n<meta property=\"og:url\" content=\"https:\/\/emnlp2016.net\/es\/politica-de-privacidad\/\" \/>\n<meta property=\"og:site_name\" content=\"EMNLP2016 ES\" \/>\n<meta name=\"twitter:card\" content=\"summary_large_image\" \/>\n<meta name=\"twitter:label1\" content=\"Tiempo de lectura\" \/>\n\t<meta name=\"twitter:data1\" content=\"3 minutos\" \/>\n<script type=\"application\/ld+json\" class=\"yoast-schema-graph\">{\"@context\":\"https:\/\/schema.org\",\"@graph\":[{\"@type\":\"WebPage\",\"@id\":\"https:\/\/emnlp2016.net\/es\/politica-de-privacidad\/\",\"url\":\"https:\/\/emnlp2016.net\/es\/politica-de-privacidad\/\",\"name\":\"Pol\u00edtica de Privacidad - EMNLP2016 ES\",\"isPartOf\":{\"@id\":\"https:\/\/emnlp2016.net\/es\/#website\"},\"datePublished\":\"2022-12-02T14:35:21+00:00\",\"breadcrumb\":{\"@id\":\"https:\/\/emnlp2016.net\/es\/politica-de-privacidad\/#breadcrumb\"},\"inLanguage\":\"es\",\"potentialAction\":[{\"@type\":\"ReadAction\",\"target\":[\"https:\/\/emnlp2016.net\/es\/politica-de-privacidad\/\"]}]},{\"@type\":\"BreadcrumbList\",\"@id\":\"https:\/\/emnlp2016.net\/es\/politica-de-privacidad\/#breadcrumb\",\"itemListElement\":[{\"@type\":\"ListItem\",\"position\":1,\"name\":\"Anasayfa\",\"item\":\"https:\/\/emnlp2016.net\/es\/\"},{\"@type\":\"ListItem\",\"position\":2,\"name\":\"Pol\u00edtica de Privacidad\"}]},{\"@type\":\"WebSite\",\"@id\":\"https:\/\/emnlp2016.net\/es\/#website\",\"url\":\"https:\/\/emnlp2016.net\/es\/\",\"name\":\"EMNLP2016 ES\",\"description\":\"Rastrear Un Celular\",\"potentialAction\":[{\"@type\":\"SearchAction\",\"target\":{\"@type\":\"EntryPoint\",\"urlTemplate\":\"https:\/\/emnlp2016.net\/es\/?s={search_term_string}\"},\"query-input\":{\"@type\":\"PropertyValueSpecification\",\"valueRequired\":true,\"valueName\":\"search_term_string\"}}],\"inLanguage\":\"es\"}]}<\/script>\n<!-- \/ Yoast SEO plugin. -->","yoast_head_json":{"title":"Pol\u00edtica de Privacidad - EMNLP2016 ES","robots":{"index":"index","follow":"follow","max-snippet":"max-snippet:-1","max-image-preview":"max-image-preview:large","max-video-preview":"max-video-preview:-1"},"canonical":"https:\/\/emnlp2016.net\/es\/politica-de-privacidad\/","og_locale":"es_ES","og_type":"article","og_title":"Pol\u00edtica de Privacidad - EMNLP2016 ES","og_description":"En www.emnlp2016.net, su privacidad es importante para nosotros. Para proteger mejor su privacidad, proporcionamos este aviso explicando nuestras pr\u00e1cticas de informaci\u00f3n en l\u00ednea y las opciones que usted puede hacer sobre la forma en que se recoge y utiliza su informaci\u00f3n. Para que este aviso sea f\u00e1cil de encontrar, lo ponemos a disposici\u00f3n en nuestra p\u00e1gina de inicio y en cada punto en el que se pueda solicitar informaci\u00f3n personal identificable. INFORMACI\u00d3N QUE RECOPILAMOS Esta declaraci\u00f3n se aplica a toda la informaci\u00f3n recogida o enviada en emnlp2016.net. En algunas p\u00e1ginas puede publicar comentarios, hacer peticiones y registrarse para recibir material.","og_url":"https:\/\/emnlp2016.net\/es\/politica-de-privacidad\/","og_site_name":"EMNLP2016 ES","twitter_card":"summary_large_image","twitter_misc":{"Tiempo de lectura":"3 minutos"},"schema":{"@context":"https:\/\/schema.org","@graph":[{"@type":"WebPage","@id":"https:\/\/emnlp2016.net\/es\/politica-de-privacidad\/","url":"https:\/\/emnlp2016.net\/es\/politica-de-privacidad\/","name":"Pol\u00edtica de Privacidad - EMNLP2016 ES","isPartOf":{"@id":"https:\/\/emnlp2016.net\/es\/#website"},"datePublished":"2022-12-02T14:35:21+00:00","breadcrumb":{"@id":"https:\/\/emnlp2016.net\/es\/politica-de-privacidad\/#breadcrumb"},"inLanguage":"es","potentialAction":[{"@type":"ReadAction","target":["https:\/\/emnlp2016.net\/es\/politica-de-privacidad\/"]}]},{"@type":"BreadcrumbList","@id":"https:\/\/emnlp2016.net\/es\/politica-de-privacidad\/#breadcrumb","itemListElement":[{"@type":"ListItem","position":1,"name":"Anasayfa","item":"https:\/\/emnlp2016.net\/es\/"},{"@type":"ListItem","position":2,"name":"Pol\u00edtica de Privacidad"}]},{"@type":"WebSite","@id":"https:\/\/emnlp2016.net\/es\/#website","url":"https:\/\/emnlp2016.net\/es\/","name":"EMNLP2016 ES","description":"Rastrear Un Celular","potentialAction":[{"@type":"SearchAction","target":{"@type":"EntryPoint","urlTemplate":"https:\/\/emnlp2016.net\/es\/?s={search_term_string}"},"query-input":{"@type":"PropertyValueSpecification","valueRequired":true,"valueName":"search_term_string"}}],"inLanguage":"es"}]}},"_links":{"self":[{"href":"https:\/\/emnlp2016.net\/es\/wp-json\/wp\/v2\/pages\/35","targetHints":{"allow":["GET"]}}],"collection":[{"href":"https:\/\/emnlp2016.net\/es\/wp-json\/wp\/v2\/pages"}],"about":[{"href":"https:\/\/emnlp2016.net\/es\/wp-json\/wp\/v2\/types\/page"}],"author":[{"embeddable":true,"href":"https:\/\/emnlp2016.net\/es\/wp-json\/wp\/v2\/users\/1"}],"replies":[{"embeddable":true,"href":"https:\/\/emnlp2016.net\/es\/wp-json\/wp\/v2\/comments?post=35"}],"version-history":[{"count":1,"href":"https:\/\/emnlp2016.net\/es\/wp-json\/wp\/v2\/pages\/35\/revisions"}],"predecessor-version":[{"id":36,"href":"https:\/\/emnlp2016.net\/es\/wp-json\/wp\/v2\/pages\/35\/revisions\/36"}],"wp:attachment":[{"href":"https:\/\/emnlp2016.net\/es\/wp-json\/wp\/v2\/media?parent=35"}],"curies":[{"name":"wp","href":"https:\/\/api.w.org\/{rel}","templated":true}]}}